{"id":1287,"date":"2025-10-21T14:52:53","date_gmt":"2025-10-21T12:52:53","guid":{"rendered":"https:\/\/areltech.es\/politica-de-privacidad\/"},"modified":"2025-11-07T13:15:38","modified_gmt":"2025-11-07T12:15:38","slug":"policy-privacy","status":"publish","type":"page","link":"https:\/\/areltech.es\/en\/policy-privacy\/","title":{"rendered":"Policy privacy"},"content":{"rendered":"<p>En cumplimiento del Reglamento (UE) 2016\/679 (RGPD), la Ley Org\u00e1nica 3\/2018 (LOPDGDD) y dem\u00e1s normativa aplicable, ARELtech informa a los usuarios de su sitio web sobre el tratamiento de sus datos personales.<\/p>\n<p><strong>1. Responsable del tratamiento<\/strong><\/p>\n<p>Titular: ARELtech S.L.<br \/>\nCIF: B24751273<br \/>\nEmail de contacto: <a href=\"mailto:info.datos@areltech.es\">info.datos@areltech.es<\/a><br \/>\nEn ARELtech tratamos tus datos personales con responsabilidad y conforme al Reglamento General de Protecci\u00f3n de Datos (RGPD) y la legislaci\u00f3n espa\u00f1ola vigente.<\/p>\n<p>\u00bfQu\u00e9 datos recogemos?<br \/>\nDatos identificativos, curr\u00edculums, experiencia profesional y cualquier informaci\u00f3n que nos facilites para participar en procesos de selecci\u00f3n.<\/p>\n<p>\u00bfPara qu\u00e9 los usamos?<br \/>\nGestionar tu participaci\u00f3n en procesos de selecci\u00f3n.<br \/>\nInformarte sobre nuevas oportunidades laborales.<br \/>\nMantener comunicaci\u00f3n contigo durante el proceso.<\/p>\n<p>\u00bfQui\u00e9n accede a tus datos?<br \/>\nSolo nuestro equipo y, en su caso, empresas clientes interesadas en tu perfil, siempre con las debidas garant\u00edas.<\/p>\n<p>Tus derechos<br \/>\nPuedes acceder, rectificar o suprimir tus datos, as\u00ed como oponerte o limitar su tratamiento escribiendo a <a href=\"mailto:info.datos@areltech.es\">info.datos@areltech.es<\/a><\/p>\n<p>&nbsp;<\/p>\n<p>&nbsp;<\/p>\n","protected":false},"excerpt":{"rendered":"<p>En cumplimiento del Reglamento (UE) 2016\/679 (RGPD), la Ley Org\u00e1nica 3\/2018 (LOPDGDD) y dem\u00e1s normativa aplicable, ARELtech informa a los usuarios de su sitio web sobre el tratamiento de sus datos personales. 1. Responsable del tratamiento Titular: ARELtech S.L. CIF: B24751273 Email de contacto: info.datos@areltech.es En ARELtech tratamos tus datos personales con responsabilidad y conforme [&hellip;]<\/p>\n","protected":false},"author":1,"featured_media":0,"parent":0,"menu_order":0,"comment_status":"closed","ping_status":"open","template":"","meta":{"_acf_changed":false,"_et_pb_use_builder":"","_et_pb_old_content":"","_et_gb_content_width":"","footnotes":""},"class_list":["post-1287","page","type-page","status-publish","hentry"],"acf":[],"_links":{"self":[{"href":"https:\/\/areltech.es\/en\/wp-json\/wp\/v2\/pages\/1287","targetHints":{"allow":["GET"]}}],"collection":[{"href":"https:\/\/areltech.es\/en\/wp-json\/wp\/v2\/pages"}],"about":[{"href":"https:\/\/areltech.es\/en\/wp-json\/wp\/v2\/types\/page"}],"author":[{"embeddable":true,"href":"https:\/\/areltech.es\/en\/wp-json\/wp\/v2\/users\/1"}],"replies":[{"embeddable":true,"href":"https:\/\/areltech.es\/en\/wp-json\/wp\/v2\/comments?post=1287"}],"version-history":[{"count":1,"href":"https:\/\/areltech.es\/en\/wp-json\/wp\/v2\/pages\/1287\/revisions"}],"predecessor-version":[{"id":1288,"href":"https:\/\/areltech.es\/en\/wp-json\/wp\/v2\/pages\/1287\/revisions\/1288"}],"wp:attachment":[{"href":"https:\/\/areltech.es\/en\/wp-json\/wp\/v2\/media?parent=1287"}],"curies":[{"name":"wp","href":"https:\/\/api.w.org\/{rel}","templated":true}]}}