{"id":1292,"date":"2025-10-23T11:31:21","date_gmt":"2025-10-23T09:31:21","guid":{"rendered":"https:\/\/areltech.es\/aviso-legal\/"},"modified":"2025-11-07T13:15:12","modified_gmt":"2025-11-07T12:15:12","slug":"legal-notice","status":"publish","type":"page","link":"https:\/\/areltech.es\/en\/legal-notice\/","title":{"rendered":"legal notice"},"content":{"rendered":"<p>Este sitio web es propiedad de ARELtech S.L., con CIF .B24751273. Puedes contactarnos en <a href=\"mailto:info.datos@areltech.es\">info.datos@areltech.es<\/a>.<\/p>\n<p><strong>Uso del sitio<\/strong><\/p>\n<p>El acceso implica la aceptaci\u00f3n de nuestras condiciones. No nos responsabilizamos del uso indebido del contenido ni de enlaces externos.<\/p>\n<p>Propiedad intelectual<br \/>\nTodos los contenidos son propiedad de ARELtech o de terceros autorizados. Queda prohibida su reproducci\u00f3n sin permiso.<\/p>\n<p>Datos identificativos, curr\u00edculums, experiencia profesional y cualquier informaci\u00f3n que nos facilites para participar en procesos de selecci\u00f3n.<\/p>\n<p>\u00bfPara qu\u00e9 los usamos?<br \/>\n&#8211; Gestionar tu participaci\u00f3n en procesos de selecci\u00f3n.<br \/>\n&#8211; Informarte sobre nuevas oportunidades laborales.<br \/>\n&#8211; Mantener comunicaci\u00f3n contigo durante el proceso.<\/p>\n<p>&nbsp;<\/p>\n<p>&nbsp;<\/p>\n","protected":false},"excerpt":{"rendered":"<p>Este sitio web es propiedad de ARELtech S.L., con CIF .B24751273. Puedes contactarnos en info.datos@areltech.es. Uso del sitio El acceso implica la aceptaci\u00f3n de nuestras condiciones. No nos responsabilizamos del uso indebido del contenido ni de enlaces externos. Propiedad intelectual Todos los contenidos son propiedad de ARELtech o de terceros autorizados. Queda prohibida su reproducci\u00f3n [&hellip;]<\/p>\n","protected":false},"author":1,"featured_media":0,"parent":0,"menu_order":0,"comment_status":"closed","ping_status":"closed","template":"","meta":{"_acf_changed":false,"_et_pb_use_builder":"","_et_pb_old_content":"","_et_gb_content_width":"","footnotes":""},"class_list":["post-1292","page","type-page","status-publish","hentry"],"acf":[],"_links":{"self":[{"href":"https:\/\/areltech.es\/en\/wp-json\/wp\/v2\/pages\/1292","targetHints":{"allow":["GET"]}}],"collection":[{"href":"https:\/\/areltech.es\/en\/wp-json\/wp\/v2\/pages"}],"about":[{"href":"https:\/\/areltech.es\/en\/wp-json\/wp\/v2\/types\/page"}],"author":[{"embeddable":true,"href":"https:\/\/areltech.es\/en\/wp-json\/wp\/v2\/users\/1"}],"replies":[{"embeddable":true,"href":"https:\/\/areltech.es\/en\/wp-json\/wp\/v2\/comments?post=1292"}],"version-history":[{"count":1,"href":"https:\/\/areltech.es\/en\/wp-json\/wp\/v2\/pages\/1292\/revisions"}],"predecessor-version":[{"id":1293,"href":"https:\/\/areltech.es\/en\/wp-json\/wp\/v2\/pages\/1292\/revisions\/1293"}],"wp:attachment":[{"href":"https:\/\/areltech.es\/en\/wp-json\/wp\/v2\/media?parent=1292"}],"curies":[{"name":"wp","href":"https:\/\/api.w.org\/{rel}","templated":true}]}}